{"id":7340,"date":"2023-08-03T07:31:11","date_gmt":"2023-08-03T07:31:11","guid":{"rendered":"https:\/\/petersphotochannel.com\/?page_id=7340"},"modified":"2023-08-09T13:39:20","modified_gmt":"2023-08-09T13:39:20","slug":"leica-vario-elmar-r-21-35mm","status":"publish","type":"page","link":"https:\/\/petersphotochannel.com\/es\/blog\/leica-vario-elmar-r-21-35mm\/","title":{"rendered":"LEICA VARIO-ELMAR-R 21-35mm f3.5-f4"},"content":{"rendered":"\n\n\t<h1>DAS LEICA VARIO-ELMAR-R 21-35mm f3.5-4<br \/>\n<\/h1>\n\t<h1>Das LEICA Vario-Elmar-R 21-35mm f3.5-4<\/h1>\n<p>Dieses Weitwinkel-Zoomobjektiv ist sehr nachgefragt und daher das teuerste der auf dieser Webseite vorgestellten drei LEICA R Zoomobjektive:<\/p>\n<ul>\n<li>21-35mm f3.5-4 (diese Seite)<\/li>\n<li><a href=\"https:\/\/petersphotochannel.com\/blog\/leica-vario-elmar-r-35-70mm-f4-makro\/\">35-70mm f4<\/a><\/li>\n<li><a href=\"https:\/\/petersphotochannel.com\/blog\/leica-vario-elmar-r-80-200mm\/\">80-200mm f4<\/a><\/li>\n<\/ul>\n<p>Die Preise f\u00fcr das hier besprochene Zoom-Objektiv schwanken auf ebay derzeit zwischen \u20ac 1.400 und \u20ac 1.900 (August 2023).<\/p>\n<p>Mein Objektiv hat die Seriennummer 3943053, wurde also im Jahr 2002 hergestellt. Hier k\u00f6nnen die Seriennummern den Baujahren zugeordnet werden:<\/p>\n<p><a href=\"http:\/\/www.l-camera-forum.com\/leica-wiki.en\/index.php\/Serial_Number_Links_for_Leica_Cameras_and_Lenses\" target=\"_blank\" rel=\"noopener\">LEICA SERIAL NUMBERS (LENSES)<\/a><\/p>\n\t\t\t\t<img loading=\"lazy\" decoding=\"async\" src=\"https:\/\/petersphotochannel.com\/wp-content\/uploads\/2023\/08\/C-849x1024.jpg\" alt=\"C\" itemprop=\"image\" height=\"1024\" width=\"849\" title=\"C\" onerror=\"this.style.display='none'\"  \/>\n\t<h2>Das LEICA Vario-Elmar-R 21-35mm f3.5-f4 ist ein ROM Objektiv<\/h2>\n<p>Bei den LEICA-R Objektiven neueren Datums wurde eine elektronische Kontaktleiste &#8211; siehe auf dem Foto die Leiste mit den neun Kontaktfeldern aus Messing &#8211; am Bayonett angebracht. Damit k\u00f6nnen Daten vom Objektiv an die Kamera \u00fcbermittelt werden.<\/p>\n<p><strong>LEICA-R OBJEKTIVE mit dieser Kontaktleiste haben die zus\u00e4tzliche Bezeichnung \u201eROM\u00bb.<\/strong><\/p>\n<p>Bei den \u00e4lteren Objektiven mit der Bezeichnung CAM fehlt diese Leiste.<\/p>\n\t<h3>EIN ZOOMOBJEKTIV BESSER ALS FESTBRENNWEITEN?<\/h3>\n<p>LEICA hat lange keine Zooms gebaut &#8211; man wollte bei der Bildqualit\u00e4t keine Kompromisse eingehen. Als man sich dann doch dazu entschloss, wurden Zooms gerechnet, die mit den bekannt guten Objektiven mit Festbrennweiten aus dem eigenen Hause nicht nur mithalten konnten, sondern sie hier und da sogar \u00fcbertrafen.<\/p>\n\t\t\t\t<img loading=\"lazy\" decoding=\"async\" src=\"https:\/\/petersphotochannel.com\/wp-content\/uploads\/2023\/08\/D-1024x793.jpg\" alt=\"D\" itemprop=\"image\" height=\"793\" width=\"1024\" title=\"D\" onerror=\"this.style.display='none'\"  \/>\n\t\t\t\t<img loading=\"lazy\" decoding=\"async\" src=\"https:\/\/petersphotochannel.com\/wp-content\/uploads\/2023\/08\/Leica_Logo.jpg\" alt=\"Leica_Logo\" itemprop=\"image\" height=\"120\" width=\"120\" title=\"Leica_Logo\" onerror=\"this.style.display='none'\"  \/>\n\t<h3>ERWIN PUTS<\/h3>\n<p>Erwin Puts genie\u00dft unter LEICA Anh\u00e4ngern den Ruf der gr\u00f6\u00dfte Kenner von LEICA R und M Objektiven (au\u00dferhalb der Firma LEICA) zu sein.<\/p>\n\t\t\t\t<img loading=\"lazy\" decoding=\"async\" src=\"https:\/\/petersphotochannel.com\/wp-content\/uploads\/2023\/08\/ErwinPuts.jpg\" alt=\"ErwinPuts\" itemprop=\"image\" height=\"485\" width=\"1000\" title=\"ErwinPuts\" onerror=\"this.style.display='none'\"  \/>\n\t<p>Er schreibt, dass die Abbildungsleistung des LEICA VARIO-ELMAR-R 21-35mm f3,5-f4 bei identischer Blendeneinstellung gleich gut oder sogar besser ist als entsprechende Festbrennweiten.<\/p>\n<p>&nbsp;<\/p>\n\t\t\t\t<img loading=\"lazy\" decoding=\"async\" src=\"https:\/\/petersphotochannel.com\/wp-content\/uploads\/2020\/05\/LEICA_ROM3CAM.jpg\" alt=\"LEICA_ROM3CAM\" itemprop=\"image\" height=\"414\" width=\"492\" title=\"LEICA_ROM3CAM\" onerror=\"this.style.display='none'\"  \/>\n\t<h2>KOMPATIBILIT\u00c4T MIT ANALOGEN LEICA KAMERAS<\/h2>\n<p>Die nebenstehende Tabelle bezieht sich nur auf die analogen LEICA Kameras (35mm Filmkameras). An den Kameras R3 bis R9 kann man es einsetzen, bei der R9 werden zus\u00e4tzlich zur Belichtungsmessung auch die EXIF Daten (Blende &amp; Brennweite) \u00fcbertragen.<\/p>\n<h2><strong>KOMPATIBILIT\u00c4T MIT DIGITALEN, SPIEGELLOSEN (LEICA-) KAMERAS<\/strong><\/h2>\n<p>Besonders interessant ist heutzutage aber die M\u00f6glichkeit dieses Zoom Objektiv durch einen Adapter an einer digitalen Kamera zu verwenden.<\/p>\n<p><b>Grunds\u00e4tzlich kann man dazu neben LEICA Kameras auch solche von CANON, NIKON, SONY uvm. anschlie\u00dfen.<\/b><\/p>\n\t<h3>LEICA R ADAPTER L<\/h3>\n<p>Dieser Adapter ist der K\u00f6nigsweg, um LEICA-R Objektive mit ROM Kontakten an meine LEICA SL2 oder LEICA CL anzuschlie\u00dfen. Das l\u00e4\u00dft LEICA sich sehr gut bezahlen:<\/p>\n<p><strong>Preis \u20ac 735.- !<\/strong><\/p>\n<p>Der LEICA R Adapter L hat selber auch ROM Kontakte und der Vorteil davon ist, dass die Kamera \u00fcbermittelt bekommt, welches R- Objektiv mit welcher Brennweite angeschlossen ist und dann die Objektivkorrekturen und die Bildstabilisierung automatisch einstellen kann. Das funktioniert auch bei allen R-Zooms automatisch, die ab 1976 hergestellt wurden &#8211; und zwar bei jeder Brennweiten-Einstellung.<\/p>\n<p>Der Adapter \u00fcbertr\u00e4gt aber auch nur diese Daten (Name des Objektivs und Brennweite), nicht aber die Blendeneinstellung. Die fehlt dann in den EXIF Daten . . .<\/p>\n\t\t\t\t<img loading=\"lazy\" decoding=\"async\" src=\"https:\/\/petersphotochannel.com\/wp-content\/uploads\/2022\/03\/Leica-R-Adapter-L.jpg\" alt=\"Leica-R-Adapter-L\" itemprop=\"image\" height=\"680\" width=\"886\" title=\"Leica-R-Adapter-L\" onerror=\"this.style.display='none'\"  \/>\n\t\t\t\t<img loading=\"lazy\" decoding=\"async\" src=\"https:\/\/petersphotochannel.com\/wp-content\/uploads\/2022\/03\/NOVOFLEX-R-Adapter_L.jpg\" alt=\"NOVOFLEX-R-Adapter_L\" itemprop=\"image\" height=\"768\" width=\"1024\" title=\"NOVOFLEX-R-Adapter_L\" onerror=\"this.style.display='none'\"  \/>\n\t<h3>NOVOFLEX Adapter LET\/LER<\/h3>\n<p>Der Adapter von NOVOFLEX hat keine ROM-Leiste und \u00fcbertr\u00e4gt daher keinerlei Daten. Kostet daf\u00fcr aber auch erheblich weniger:<\/p>\n<p><strong>Preis \u20ac 119.-<\/strong><\/p>\n<p>An meiner SL2 und CL kann man im Men\u00fc das jeweilige R-Objektiv auch manuell einstellen. Das n\u00fctzt aber nat\u00fcrlich nur etwas, wenn es sich um eine Festbrennweite handelt, bei Zooms ist dann immer nur die k\u00fcrzeste Brennweite automatisch stabilisiert.<\/p>\n\t<h2>Seriennummern und Baujahr von LEICA Kameras und Objektiven<\/h2>\n<p>Bevor man eine Kamera oder ein Objektiv kauft, sollte man sich also unbedingt an Hand der Seriennummern vergewissern, wann sie hergestellt wurden.<\/p>\n<ul>\n<li>Kameras &#8211; <a href=\"http:\/\/www.l-camera-forum.com\/leica-wiki.en\/index.php\/Serial_Numbers_Leica_Cameras\" target=\"_blank\" rel=\"noopener\">Leica-Wiki<\/a><br \/>\nAn der Seriennummer kann man erkennen, in welchem Jahr eine Kamera hergestellt wurde. Da LEICA eher langlebige Produktionszyklen hat, kann man so verhindern eine unn\u00f6tig alte Kamera zu erwerben.<\/li>\n<li>Objektive &#8211; <a href=\"http:\/\/www.l-camera-forum.com\/leica-wiki.en\/index.php\/Serial_Number_Links_for_Leica_Cameras_and_Lenses\" target=\"_blank\" rel=\"noopener\">Leica-Wiki<\/a><br \/>\nBei den Objektiven ist die Seriennummer sehr wichtig, weil die Objektive unter gleichem Namen in verschiedenen Versionen verkauft wurden, und da sind die neuesten Versionen oft die besten.<\/li>\n<li><a href=\"https:\/\/www.overgaard.dk\/leica_lens_compendium.html\" target=\"_blank\" rel=\"noopener\">LEICA Kompendium<\/a> von Thorsten von Overgaard<br \/>\nDiese Liste ist sehr gr\u00fcndlich recherchiert. Hier findet man Infos zu Kameras und Objektiven, inklusive der Artikelnummern.<\/li>\n<\/ul>\n\t\t\t\t<img loading=\"lazy\" decoding=\"async\" src=\"https:\/\/petersphotochannel.com\/wp-content\/uploads\/2023\/08\/E-scaled.jpg\" alt=\"E\" itemprop=\"image\" height=\"2052\" width=\"2560\" title=\"E\" onerror=\"this.style.display='none'\"  \/>\n\t<h3>MEIN FAZIT<\/h3>\n<p>Die drei LEICA R ZOOM-Objektive sind etwas Besonderes. LEICA ist es seinerzeit gelungen Zoom-Objektive zu entwickeln, die die damaligen Festbrennweiten aus dem eigenen Hause nicht nur erreichen, sondern hier und da auch \u00fcbertreffen konnten.<\/p>\n<p>Das wurde auch dadurch erreicht, dass man die Zoom-Objektive nicht so auslegte wie die Konkurrenz &#8211; w\u00e4hrend die anderen Kamerahersteller 24-70mm abdecken, hat LEICA bewu\u00dft nur den Bereich zwischen 35mm und 70mm gew\u00e4hlt, weil sich die herausragende Qualit\u00e4t nur so erreichen lie\u00df. Desgleichen schlie\u00dft das n\u00e4chst h\u00f6here Zoom-Objektiv nicht bei 70mm an, sondern erst bei 80mm (80-200mm).<\/p>\n<p>So sind die Brennweiten bei den LEICA R Zooms aufgeteilt:<\/p>\n<ul>\n<li>21-35mm<\/li>\n<li><a href=\"https:\/\/petersphotochannel.com\/blog\/leica-vario-elmar-r-35-70mm-f4-makro\/\">35-70mm<\/a><\/li>\n<li><a href=\"https:\/\/petersphotochannel.com\/blog\/leica-vario-elmar-r-80-200mm\/\">80-200mm<\/a><\/li>\n<\/ul>\n\n","protected":false},"excerpt":{"rendered":"<p>DAS LEICA VARIO-ELMAR-R 21-35mm f3.5-4 Das LEICA Vario-Elmar-R 21-35mm f3.5-4 Dieses Weitwinkel-Zoomobjektiv ist sehr nachgefragt und daher das teuerste der auf dieser Webseite vorgestellten drei LEICA R Zoomobjektive: 21-35mm f3.5-4 (diese Seite) 35-70mm f4 80-200mm f4 Die Preise f\u00fcr das hier besprochene Zoom-Objektiv schwanken auf ebay derzeit zwischen \u20ac 1.400 und \u20ac 1.900 (August 2023).&hellip;<\/p>\n","protected":false},"author":3,"featured_media":0,"parent":4777,"menu_order":4,"comment_status":"closed","ping_status":"closed","template":"","meta":{"_acf_changed":false,"footnotes":""},"class_list":["post-7340","page","type-page","status-publish","hentry"],"acf":[],"yoast_head":"<!-- This site is optimized with the Yoast SEO plugin v27.4 - https:\/\/yoast.com\/product\/yoast-seo-wordpress\/ -->\n<title>Peter&#039;s Photo Channel<\/title>\n<meta name=\"description\" content=\"Das LEICA VARIO-ELMAR-R 21-35mm f3.3-f4 ist ein sehr gutes Weitwinkel-Zoomobjektiv, besser als Festbrennweiten bei derselben Blende . . .\" \/>\n<meta name=\"robots\" content=\"index, follow, max-snippet:-1, max-image-preview:large, max-video-preview:-1\" \/>\n<link rel=\"canonical\" href=\"https:\/\/petersphotochannel.com\/es\/blog\/leica-vario-elmar-r-21-35mm\/\" \/>\n<meta property=\"og:locale\" content=\"es_ES\" \/>\n<meta property=\"og:type\" content=\"article\" \/>\n<meta property=\"og:title\" content=\"Peter&#039;s Photo Channel\" \/>\n<meta property=\"og:description\" content=\"Das LEICA VARIO-ELMAR-R 21-35mm f3.3-f4 ist ein sehr gutes Weitwinkel-Zoomobjektiv, besser als Festbrennweiten bei derselben Blende . . .\" \/>\n<meta property=\"og:url\" content=\"https:\/\/petersphotochannel.com\/es\/blog\/leica-vario-elmar-r-21-35mm\/\" \/>\n<meta property=\"og:site_name\" content=\"Peter&#039;s Photo Channel\" \/>\n<meta property=\"article:modified_time\" content=\"2023-08-09T13:39:20+00:00\" \/>\n<meta property=\"og:image\" content=\"https:\/\/petersphotochannel.com\/wp-content\/uploads\/2023\/08\/C-849x1024.jpg\" \/>\n<meta name=\"twitter:card\" content=\"summary_large_image\" \/>\n<meta name=\"twitter:label1\" content=\"Tiempo de lectura\" \/>\n\t<meta name=\"twitter:data1\" content=\"6 minutos\" \/>\n<script type=\"application\/ld+json\" class=\"yoast-schema-graph\">{\"@context\":\"https:\\\/\\\/schema.org\",\"@graph\":[{\"@type\":\"WebPage\",\"@id\":\"https:\\\/\\\/petersphotochannel.com\\\/es\\\/blog\\\/leica-vario-elmar-r-21-35mm\\\/\",\"url\":\"https:\\\/\\\/petersphotochannel.com\\\/es\\\/blog\\\/leica-vario-elmar-r-21-35mm\\\/\",\"name\":\"Peter's Photo Channel\",\"isPartOf\":{\"@id\":\"https:\\\/\\\/petersphotochannel.com\\\/es\\\/#website\"},\"primaryImageOfPage\":{\"@id\":\"https:\\\/\\\/petersphotochannel.com\\\/es\\\/blog\\\/leica-vario-elmar-r-21-35mm\\\/#primaryimage\"},\"image\":{\"@id\":\"https:\\\/\\\/petersphotochannel.com\\\/es\\\/blog\\\/leica-vario-elmar-r-21-35mm\\\/#primaryimage\"},\"thumbnailUrl\":\"https:\\\/\\\/petersphotochannel.com\\\/wp-content\\\/uploads\\\/2023\\\/08\\\/C-849x1024.jpg\",\"datePublished\":\"2023-08-03T07:31:11+00:00\",\"dateModified\":\"2023-08-09T13:39:20+00:00\",\"description\":\"Das LEICA VARIO-ELMAR-R 21-35mm f3.3-f4 ist ein sehr gutes Weitwinkel-Zoomobjektiv, besser als Festbrennweiten bei derselben Blende . . .\",\"breadcrumb\":{\"@id\":\"https:\\\/\\\/petersphotochannel.com\\\/es\\\/blog\\\/leica-vario-elmar-r-21-35mm\\\/#breadcrumb\"},\"inLanguage\":\"es\",\"potentialAction\":[{\"@type\":\"ReadAction\",\"target\":[\"https:\\\/\\\/petersphotochannel.com\\\/es\\\/blog\\\/leica-vario-elmar-r-21-35mm\\\/\"]}]},{\"@type\":\"ImageObject\",\"inLanguage\":\"es\",\"@id\":\"https:\\\/\\\/petersphotochannel.com\\\/es\\\/blog\\\/leica-vario-elmar-r-21-35mm\\\/#primaryimage\",\"url\":\"https:\\\/\\\/petersphotochannel.com\\\/wp-content\\\/uploads\\\/2023\\\/08\\\/C-849x1024.jpg\",\"contentUrl\":\"https:\\\/\\\/petersphotochannel.com\\\/wp-content\\\/uploads\\\/2023\\\/08\\\/C-849x1024.jpg\"},{\"@type\":\"BreadcrumbList\",\"@id\":\"https:\\\/\\\/petersphotochannel.com\\\/es\\\/blog\\\/leica-vario-elmar-r-21-35mm\\\/#breadcrumb\",\"itemListElement\":[{\"@type\":\"ListItem\",\"position\":1,\"name\":\"Startseite\",\"item\":\"https:\\\/\\\/petersphotochannel.com\\\/es\\\/\"},{\"@type\":\"ListItem\",\"position\":2,\"name\":\"blog\",\"item\":\"https:\\\/\\\/petersphotochannel.com\\\/es\\\/blog\\\/\"},{\"@type\":\"ListItem\",\"position\":3,\"name\":\"LEICA VARIO-ELMAR-R 21-35mm f3.5-f4\"}]},{\"@type\":\"WebSite\",\"@id\":\"https:\\\/\\\/petersphotochannel.com\\\/es\\\/#website\",\"url\":\"https:\\\/\\\/petersphotochannel.com\\\/es\\\/\",\"name\":\"Peter&#039;s Photo Channel\",\"description\":\"\",\"potentialAction\":[{\"@type\":\"SearchAction\",\"target\":{\"@type\":\"EntryPoint\",\"urlTemplate\":\"https:\\\/\\\/petersphotochannel.com\\\/es\\\/?s={search_term_string}\"},\"query-input\":{\"@type\":\"PropertyValueSpecification\",\"valueRequired\":true,\"valueName\":\"search_term_string\"}}],\"inLanguage\":\"es\"}]}<\/script>\n<!-- \/ Yoast SEO plugin. -->","yoast_head_json":{"title":"Peter's Photo Channel","description":"Das LEICA VARIO-ELMAR-R 21-35mm f3.3-f4 ist ein sehr gutes Weitwinkel-Zoomobjektiv, besser als Festbrennweiten bei derselben Blende . . .","robots":{"index":"index","follow":"follow","max-snippet":"max-snippet:-1","max-image-preview":"max-image-preview:large","max-video-preview":"max-video-preview:-1"},"canonical":"https:\/\/petersphotochannel.com\/es\/blog\/leica-vario-elmar-r-21-35mm\/","og_locale":"es_ES","og_type":"article","og_title":"Peter's Photo Channel","og_description":"Das LEICA VARIO-ELMAR-R 21-35mm f3.3-f4 ist ein sehr gutes Weitwinkel-Zoomobjektiv, besser als Festbrennweiten bei derselben Blende . . .","og_url":"https:\/\/petersphotochannel.com\/es\/blog\/leica-vario-elmar-r-21-35mm\/","og_site_name":"Peter&#039;s Photo Channel","article_modified_time":"2023-08-09T13:39:20+00:00","og_image":[{"url":"https:\/\/petersphotochannel.com\/wp-content\/uploads\/2023\/08\/C-849x1024.jpg","type":"","width":"","height":""}],"twitter_card":"summary_large_image","twitter_misc":{"Tiempo de lectura":"6 minutos"},"schema":{"@context":"https:\/\/schema.org","@graph":[{"@type":"WebPage","@id":"https:\/\/petersphotochannel.com\/es\/blog\/leica-vario-elmar-r-21-35mm\/","url":"https:\/\/petersphotochannel.com\/es\/blog\/leica-vario-elmar-r-21-35mm\/","name":"Peter's Photo Channel","isPartOf":{"@id":"https:\/\/petersphotochannel.com\/es\/#website"},"primaryImageOfPage":{"@id":"https:\/\/petersphotochannel.com\/es\/blog\/leica-vario-elmar-r-21-35mm\/#primaryimage"},"image":{"@id":"https:\/\/petersphotochannel.com\/es\/blog\/leica-vario-elmar-r-21-35mm\/#primaryimage"},"thumbnailUrl":"https:\/\/petersphotochannel.com\/wp-content\/uploads\/2023\/08\/C-849x1024.jpg","datePublished":"2023-08-03T07:31:11+00:00","dateModified":"2023-08-09T13:39:20+00:00","description":"Das LEICA VARIO-ELMAR-R 21-35mm f3.3-f4 ist ein sehr gutes Weitwinkel-Zoomobjektiv, besser als Festbrennweiten bei derselben Blende . . .","breadcrumb":{"@id":"https:\/\/petersphotochannel.com\/es\/blog\/leica-vario-elmar-r-21-35mm\/#breadcrumb"},"inLanguage":"es","potentialAction":[{"@type":"ReadAction","target":["https:\/\/petersphotochannel.com\/es\/blog\/leica-vario-elmar-r-21-35mm\/"]}]},{"@type":"ImageObject","inLanguage":"es","@id":"https:\/\/petersphotochannel.com\/es\/blog\/leica-vario-elmar-r-21-35mm\/#primaryimage","url":"https:\/\/petersphotochannel.com\/wp-content\/uploads\/2023\/08\/C-849x1024.jpg","contentUrl":"https:\/\/petersphotochannel.com\/wp-content\/uploads\/2023\/08\/C-849x1024.jpg"},{"@type":"BreadcrumbList","@id":"https:\/\/petersphotochannel.com\/es\/blog\/leica-vario-elmar-r-21-35mm\/#breadcrumb","itemListElement":[{"@type":"ListItem","position":1,"name":"Startseite","item":"https:\/\/petersphotochannel.com\/es\/"},{"@type":"ListItem","position":2,"name":"blog","item":"https:\/\/petersphotochannel.com\/es\/blog\/"},{"@type":"ListItem","position":3,"name":"LEICA VARIO-ELMAR-R 21-35mm f3.5-f4"}]},{"@type":"WebSite","@id":"https:\/\/petersphotochannel.com\/es\/#website","url":"https:\/\/petersphotochannel.com\/es\/","name":"Peter&#039;s Photo Channel","description":"","potentialAction":[{"@type":"SearchAction","target":{"@type":"EntryPoint","urlTemplate":"https:\/\/petersphotochannel.com\/es\/?s={search_term_string}"},"query-input":{"@type":"PropertyValueSpecification","valueRequired":true,"valueName":"search_term_string"}}],"inLanguage":"es"}]}},"_links":{"self":[{"href":"https:\/\/petersphotochannel.com\/es\/wp-json\/wp\/v2\/pages\/7340","targetHints":{"allow":["GET"]}}],"collection":[{"href":"https:\/\/petersphotochannel.com\/es\/wp-json\/wp\/v2\/pages"}],"about":[{"href":"https:\/\/petersphotochannel.com\/es\/wp-json\/wp\/v2\/types\/page"}],"author":[{"embeddable":true,"href":"https:\/\/petersphotochannel.com\/es\/wp-json\/wp\/v2\/users\/3"}],"replies":[{"embeddable":true,"href":"https:\/\/petersphotochannel.com\/es\/wp-json\/wp\/v2\/comments?post=7340"}],"version-history":[{"count":9,"href":"https:\/\/petersphotochannel.com\/es\/wp-json\/wp\/v2\/pages\/7340\/revisions"}],"predecessor-version":[{"id":7381,"href":"https:\/\/petersphotochannel.com\/es\/wp-json\/wp\/v2\/pages\/7340\/revisions\/7381"}],"up":[{"embeddable":true,"href":"https:\/\/petersphotochannel.com\/es\/wp-json\/wp\/v2\/pages\/4777"}],"wp:attachment":[{"href":"https:\/\/petersphotochannel.com\/es\/wp-json\/wp\/v2\/media?parent=7340"}],"curies":[{"name":"wp","href":"https:\/\/api.w.org\/{rel}","templated":true}]}}