{"id":7117,"date":"2022-09-14T07:45:19","date_gmt":"2022-09-14T07:45:19","guid":{"rendered":"https:\/\/petersphotochannel.com\/blog\/fotografia-infrarroja-con-camara-leica\/"},"modified":"2022-09-14T07:45:19","modified_gmt":"2022-09-14T07:45:19","slug":"fotografia-infrarroja-con-camara-leica","status":"publish","type":"page","link":"https:\/\/petersphotochannel.com\/es\/blog\/fotografia-infrarroja-con-camara-leica\/","title":{"rendered":"Fotograf\u00eda infrarroja con c\u00e1mara LEICA"},"content":{"rendered":"","protected":false},"excerpt":{"rendered":"","protected":false},"author":3,"featured_media":0,"parent":6720,"menu_order":5,"comment_status":"closed","ping_status":"closed","template":"","meta":{"_acf_changed":false,"footnotes":""},"class_list":["post-7117","page","type-page","status-publish","hentry"],"acf":[],"yoast_head":"<!-- This site is optimized with the Yoast SEO plugin v27.3 - https:\/\/yoast.com\/product\/yoast-seo-wordpress\/ -->\n<title>Peter&#039;s Photo Channel<\/title>\n<meta name=\"description\" content=\"S\u00f3lo hay una c\u00e1mara digital de LEICA que puede utilizarse para la fotograf\u00eda infrarroja. Es la . . .\" \/>\n<meta name=\"robots\" content=\"index, follow, max-snippet:-1, max-image-preview:large, max-video-preview:-1\" \/>\n<link rel=\"canonical\" href=\"https:\/\/petersphotochannel.com\/es\/blog\/fotografia-infrarroja-con-camara-leica\/\" \/>\n<meta property=\"og:locale\" content=\"es_ES\" \/>\n<meta property=\"og:type\" content=\"article\" \/>\n<meta property=\"og:title\" content=\"Peter&#039;s Photo Channel\" \/>\n<meta property=\"og:description\" content=\"S\u00f3lo hay una c\u00e1mara digital de LEICA que puede utilizarse para la fotograf\u00eda infrarroja. Es la . . .\" \/>\n<meta property=\"og:url\" content=\"https:\/\/petersphotochannel.com\/es\/blog\/fotografia-infrarroja-con-camara-leica\/\" \/>\n<meta property=\"og:site_name\" content=\"Peter&#039;s Photo Channel\" \/>\n<meta name=\"twitter:card\" content=\"summary_large_image\" \/>\n<script type=\"application\/ld+json\" class=\"yoast-schema-graph\">{\"@context\":\"https:\\\/\\\/schema.org\",\"@graph\":[{\"@type\":\"WebPage\",\"@id\":\"https:\\\/\\\/petersphotochannel.com\\\/es\\\/blog\\\/fotografia-infrarroja-con-camara-leica\\\/\",\"url\":\"https:\\\/\\\/petersphotochannel.com\\\/es\\\/blog\\\/fotografia-infrarroja-con-camara-leica\\\/\",\"name\":\"Peter's Photo Channel\",\"isPartOf\":{\"@id\":\"https:\\\/\\\/petersphotochannel.com\\\/es\\\/#website\"},\"datePublished\":\"2022-09-14T07:45:19+00:00\",\"description\":\"S\u00f3lo hay una c\u00e1mara digital de LEICA que puede utilizarse para la fotograf\u00eda infrarroja. Es la . . .\",\"breadcrumb\":{\"@id\":\"https:\\\/\\\/petersphotochannel.com\\\/es\\\/blog\\\/fotografia-infrarroja-con-camara-leica\\\/#breadcrumb\"},\"inLanguage\":\"es\",\"potentialAction\":[{\"@type\":\"ReadAction\",\"target\":[\"https:\\\/\\\/petersphotochannel.com\\\/es\\\/blog\\\/fotografia-infrarroja-con-camara-leica\\\/\"]}]},{\"@type\":\"BreadcrumbList\",\"@id\":\"https:\\\/\\\/petersphotochannel.com\\\/es\\\/blog\\\/fotografia-infrarroja-con-camara-leica\\\/#breadcrumb\",\"itemListElement\":[{\"@type\":\"ListItem\",\"position\":1,\"name\":\"Startseite\",\"item\":\"https:\\\/\\\/petersphotochannel.com\\\/es\\\/\"},{\"@type\":\"ListItem\",\"position\":2,\"name\":\"blog\",\"item\":\"https:\\\/\\\/petersphotochannel.com\\\/es\\\/blog\\\/\"},{\"@type\":\"ListItem\",\"position\":3,\"name\":\"Fotograf\u00eda infrarroja con c\u00e1mara LEICA\"}]},{\"@type\":\"WebSite\",\"@id\":\"https:\\\/\\\/petersphotochannel.com\\\/es\\\/#website\",\"url\":\"https:\\\/\\\/petersphotochannel.com\\\/es\\\/\",\"name\":\"Peter&#039;s Photo Channel\",\"description\":\"\",\"potentialAction\":[{\"@type\":\"SearchAction\",\"target\":{\"@type\":\"EntryPoint\",\"urlTemplate\":\"https:\\\/\\\/petersphotochannel.com\\\/es\\\/?s={search_term_string}\"},\"query-input\":{\"@type\":\"PropertyValueSpecification\",\"valueRequired\":true,\"valueName\":\"search_term_string\"}}],\"inLanguage\":\"es\"}]}<\/script>\n<!-- \/ Yoast SEO plugin. -->","yoast_head_json":{"title":"Peter's Photo Channel","description":"S\u00f3lo hay una c\u00e1mara digital de LEICA que puede utilizarse para la fotograf\u00eda infrarroja. Es la . . .","robots":{"index":"index","follow":"follow","max-snippet":"max-snippet:-1","max-image-preview":"max-image-preview:large","max-video-preview":"max-video-preview:-1"},"canonical":"https:\/\/petersphotochannel.com\/es\/blog\/fotografia-infrarroja-con-camara-leica\/","og_locale":"es_ES","og_type":"article","og_title":"Peter's Photo Channel","og_description":"S\u00f3lo hay una c\u00e1mara digital de LEICA que puede utilizarse para la fotograf\u00eda infrarroja. Es la . . .","og_url":"https:\/\/petersphotochannel.com\/es\/blog\/fotografia-infrarroja-con-camara-leica\/","og_site_name":"Peter&#039;s Photo Channel","twitter_card":"summary_large_image","schema":{"@context":"https:\/\/schema.org","@graph":[{"@type":"WebPage","@id":"https:\/\/petersphotochannel.com\/es\/blog\/fotografia-infrarroja-con-camara-leica\/","url":"https:\/\/petersphotochannel.com\/es\/blog\/fotografia-infrarroja-con-camara-leica\/","name":"Peter's Photo Channel","isPartOf":{"@id":"https:\/\/petersphotochannel.com\/es\/#website"},"datePublished":"2022-09-14T07:45:19+00:00","description":"S\u00f3lo hay una c\u00e1mara digital de LEICA que puede utilizarse para la fotograf\u00eda infrarroja. Es la . . .","breadcrumb":{"@id":"https:\/\/petersphotochannel.com\/es\/blog\/fotografia-infrarroja-con-camara-leica\/#breadcrumb"},"inLanguage":"es","potentialAction":[{"@type":"ReadAction","target":["https:\/\/petersphotochannel.com\/es\/blog\/fotografia-infrarroja-con-camara-leica\/"]}]},{"@type":"BreadcrumbList","@id":"https:\/\/petersphotochannel.com\/es\/blog\/fotografia-infrarroja-con-camara-leica\/#breadcrumb","itemListElement":[{"@type":"ListItem","position":1,"name":"Startseite","item":"https:\/\/petersphotochannel.com\/es\/"},{"@type":"ListItem","position":2,"name":"blog","item":"https:\/\/petersphotochannel.com\/es\/blog\/"},{"@type":"ListItem","position":3,"name":"Fotograf\u00eda infrarroja con c\u00e1mara LEICA"}]},{"@type":"WebSite","@id":"https:\/\/petersphotochannel.com\/es\/#website","url":"https:\/\/petersphotochannel.com\/es\/","name":"Peter&#039;s Photo Channel","description":"","potentialAction":[{"@type":"SearchAction","target":{"@type":"EntryPoint","urlTemplate":"https:\/\/petersphotochannel.com\/es\/?s={search_term_string}"},"query-input":{"@type":"PropertyValueSpecification","valueRequired":true,"valueName":"search_term_string"}}],"inLanguage":"es"}]}},"_links":{"self":[{"href":"https:\/\/petersphotochannel.com\/es\/wp-json\/wp\/v2\/pages\/7117","targetHints":{"allow":["GET"]}}],"collection":[{"href":"https:\/\/petersphotochannel.com\/es\/wp-json\/wp\/v2\/pages"}],"about":[{"href":"https:\/\/petersphotochannel.com\/es\/wp-json\/wp\/v2\/types\/page"}],"author":[{"embeddable":true,"href":"https:\/\/petersphotochannel.com\/es\/wp-json\/wp\/v2\/users\/3"}],"replies":[{"embeddable":true,"href":"https:\/\/petersphotochannel.com\/es\/wp-json\/wp\/v2\/comments?post=7117"}],"version-history":[{"count":0,"href":"https:\/\/petersphotochannel.com\/es\/wp-json\/wp\/v2\/pages\/7117\/revisions"}],"up":[{"embeddable":true,"href":"https:\/\/petersphotochannel.com\/es\/wp-json\/wp\/v2\/pages\/6720"}],"wp:attachment":[{"href":"https:\/\/petersphotochannel.com\/es\/wp-json\/wp\/v2\/media?parent=7117"}],"curies":[{"name":"wp","href":"https:\/\/api.w.org\/{rel}","templated":true}]}}