{"id":6433,"date":"2020-05-13T13:38:00","date_gmt":"2020-05-13T13:38:00","guid":{"rendered":"https:\/\/petersphotochannel.com\/?page_id=6433"},"modified":"2020-05-13T13:38:00","modified_gmt":"2020-05-13T13:38:00","slug":"fujifilm-gf670","status":"publish","type":"page","link":"https:\/\/petersphotochannel.com\/es\/analog\/fujifilm-gf670\/","title":{"rendered":"FujiFilm GF670"},"content":{"rendered":"\r\n<p><img loading=\"lazy\" decoding=\"async\" title=\"PORTRAIT_PENF\" src=\"https:\/\/petersphotochannel.com\/wp-content\/uploads\/2020\/03\/PORTRAIT_PENF-300x203.jpg\" alt=\"PORTRAIT_PENF\" width=\"300\" height=\"203\" \/><\/p>\r\n<h3>Sobre este sitio<\/h3>\r\n<p>La fotograf\u00eda es mi hobby y disfruto compartirlo en este sitio web.<\/p>\r\n<p>Esta p\u00e1gina, como mi equipo de c\u00e1mara, es financiada por m\u00ed exclusivamente. Por lo tanto, no estoy comprometido con ning\u00fan fabricante y solo escribo aqu\u00ed por mi propia iniciativa.<\/p>\r\n<p><a role=\"button\" href=\"https:\/\/petersphotochannel.com\/es\/neu\/\" target=\"_self\" rel=\"noopener noreferrer\"> nuevas publicaciones <\/a> <img loading=\"lazy\" decoding=\"async\" title=\"LEICA_SL2_Vitrine_a\" src=\"https:\/\/petersphotochannel.com\/wp-content\/uploads\/2020\/03\/LEICA_SL2_Vitrine_a-300x225.jpg\" alt=\"LEICA_SL2_Vitrine_a\" width=\"300\" height=\"225\" \/><\/p>\r\n<h3>Fotograf\u00eda desacelerada<\/h3>\r\n<p>Aquellos que no dependen de un proceso r\u00e1pido y resultados inmediatos pueden redescubrir la alegr\u00eda de la fotograf\u00eda en la fotograf\u00eda anal\u00f3gica.<\/p>\r\n<p>Adem\u00e1s, los mejores modelos de c\u00e1maras de pel\u00edcula de esa \u00e9poca son a veces superiores a los sensores digitales actuales, especialmente si se determina la calidad de la imagen no solo en los valores medidos, sino tambi\u00e9n en las impresiones personales.<\/p>\r\n<p><a role=\"button\" href=\"https:\/\/petersphotochannel.com\/es\/analog\/\" target=\"_self\" rel=\"noopener noreferrer\"> m\u00e1s informaci\u00f3n <\/a> <img loading=\"lazy\" decoding=\"async\" title=\"KEYLINE_01\" src=\"https:\/\/petersphotochannel.com\/wp-content\/uploads\/2020\/03\/KEYLINE_01-1536x1152-1-300x225.jpg\" alt=\"KEYLINE_01\" width=\"300\" height=\"225\" \/><\/p>\r\n<h3>KEYLINE<\/h3>\r\n<p>Con la fotograf\u00eda de l\u00ednea clave, el n\u00famero de colores se reduce enormemente, lo que resulta en \u00e1reas m\u00e1s grandes del mismo color.<\/p>\r\n<p>Si fotograf\u00edas cosas muy cotidianas, como estas ramas de haya sangrienta, frente a un cielo nublado, obtienes im\u00e1genes muy extraordinarias.<\/p>\r\n<p><a role=\"button\" href=\"https:\/\/petersphotochannel.com\/es\/digital\/olympus-pen-f-keyline\/\" target=\"_self\" rel=\"noopener noreferrer\"> m\u00e1s informaci\u00f3n <\/a><\/p>\r\n","protected":false},"excerpt":{"rendered":"<p>Sobre este sitio La fotograf\u00eda es mi hobby y disfruto compartirlo en este sitio web. Esta p\u00e1gina, como mi equipo de c\u00e1mara, es financiada por m\u00ed exclusivamente. Por lo tanto, no estoy comprometido con ning\u00fan fabricante y solo escribo aqu\u00ed por mi propia iniciativa. nuevas publicaciones Fotograf\u00eda desacelerada Aquellos que no dependen de un proceso&hellip;<\/p>\n","protected":false},"author":3,"featured_media":0,"parent":5705,"menu_order":20,"comment_status":"closed","ping_status":"closed","template":"","meta":{"_acf_changed":false,"footnotes":""},"class_list":["post-6433","page","type-page","status-publish","hentry"],"acf":[],"yoast_head":"<!-- This site is optimized with the Yoast SEO plugin v27.3 - https:\/\/yoast.com\/product\/yoast-seo-wordpress\/ -->\n<title>Peter&#039;s Photo Channel<\/title>\n<meta name=\"robots\" content=\"index, follow, max-snippet:-1, max-image-preview:large, max-video-preview:-1\" \/>\n<link rel=\"canonical\" href=\"https:\/\/petersphotochannel.com\/es\/analog\/fujifilm-gf670\/\" \/>\n<meta property=\"og:locale\" content=\"es_ES\" \/>\n<meta property=\"og:type\" content=\"article\" \/>\n<meta property=\"og:title\" content=\"Peter&#039;s Photo Channel\" \/>\n<meta property=\"og:description\" content=\"Sobre este sitio La fotograf\u00eda es mi hobby y disfruto compartirlo en este sitio web. Esta p\u00e1gina, como mi equipo de c\u00e1mara, es financiada por m\u00ed exclusivamente. Por lo tanto, no estoy comprometido con ning\u00fan fabricante y solo escribo aqu\u00ed por mi propia iniciativa. nuevas publicaciones Fotograf\u00eda desacelerada Aquellos que no dependen de un proceso&hellip;\" \/>\n<meta property=\"og:url\" content=\"https:\/\/petersphotochannel.com\/es\/analog\/fujifilm-gf670\/\" \/>\n<meta property=\"og:site_name\" content=\"Peter&#039;s Photo Channel\" \/>\n<meta property=\"og:image\" content=\"https:\/\/petersphotochannel.com\/wp-content\/uploads\/2020\/03\/PORTRAIT_PENF-300x203.jpg\" \/>\n<meta name=\"twitter:card\" content=\"summary_large_image\" \/>\n<meta name=\"twitter:label1\" content=\"Tiempo de lectura\" \/>\n\t<meta name=\"twitter:data1\" content=\"1 minuto\" \/>\n<script type=\"application\/ld+json\" class=\"yoast-schema-graph\">{\"@context\":\"https:\\\/\\\/schema.org\",\"@graph\":[{\"@type\":\"WebPage\",\"@id\":\"https:\\\/\\\/petersphotochannel.com\\\/es\\\/analog\\\/fujifilm-gf670\\\/\",\"url\":\"https:\\\/\\\/petersphotochannel.com\\\/es\\\/analog\\\/fujifilm-gf670\\\/\",\"name\":\"Peter's Photo Channel\",\"isPartOf\":{\"@id\":\"https:\\\/\\\/petersphotochannel.com\\\/es\\\/#website\"},\"primaryImageOfPage\":{\"@id\":\"https:\\\/\\\/petersphotochannel.com\\\/es\\\/analog\\\/fujifilm-gf670\\\/#primaryimage\"},\"image\":{\"@id\":\"https:\\\/\\\/petersphotochannel.com\\\/es\\\/analog\\\/fujifilm-gf670\\\/#primaryimage\"},\"thumbnailUrl\":\"https:\\\/\\\/petersphotochannel.com\\\/wp-content\\\/uploads\\\/2020\\\/03\\\/PORTRAIT_PENF-300x203.jpg\",\"datePublished\":\"2020-05-13T13:38:00+00:00\",\"breadcrumb\":{\"@id\":\"https:\\\/\\\/petersphotochannel.com\\\/es\\\/analog\\\/fujifilm-gf670\\\/#breadcrumb\"},\"inLanguage\":\"es\",\"potentialAction\":[{\"@type\":\"ReadAction\",\"target\":[\"https:\\\/\\\/petersphotochannel.com\\\/es\\\/analog\\\/fujifilm-gf670\\\/\"]}]},{\"@type\":\"ImageObject\",\"inLanguage\":\"es\",\"@id\":\"https:\\\/\\\/petersphotochannel.com\\\/es\\\/analog\\\/fujifilm-gf670\\\/#primaryimage\",\"url\":\"https:\\\/\\\/petersphotochannel.com\\\/wp-content\\\/uploads\\\/2020\\\/03\\\/PORTRAIT_PENF-300x203.jpg\",\"contentUrl\":\"https:\\\/\\\/petersphotochannel.com\\\/wp-content\\\/uploads\\\/2020\\\/03\\\/PORTRAIT_PENF-300x203.jpg\"},{\"@type\":\"BreadcrumbList\",\"@id\":\"https:\\\/\\\/petersphotochannel.com\\\/es\\\/analog\\\/fujifilm-gf670\\\/#breadcrumb\",\"itemListElement\":[{\"@type\":\"ListItem\",\"position\":1,\"name\":\"Startseite\",\"item\":\"https:\\\/\\\/petersphotochannel.com\\\/es\\\/\"},{\"@type\":\"ListItem\",\"position\":2,\"name\":\"an\u00e1logo\",\"item\":\"https:\\\/\\\/petersphotochannel.com\\\/es\\\/analog\\\/\"},{\"@type\":\"ListItem\",\"position\":3,\"name\":\"FujiFilm GF670\"}]},{\"@type\":\"WebSite\",\"@id\":\"https:\\\/\\\/petersphotochannel.com\\\/es\\\/#website\",\"url\":\"https:\\\/\\\/petersphotochannel.com\\\/es\\\/\",\"name\":\"Peter&#039;s Photo Channel\",\"description\":\"\",\"potentialAction\":[{\"@type\":\"SearchAction\",\"target\":{\"@type\":\"EntryPoint\",\"urlTemplate\":\"https:\\\/\\\/petersphotochannel.com\\\/es\\\/?s={search_term_string}\"},\"query-input\":{\"@type\":\"PropertyValueSpecification\",\"valueRequired\":true,\"valueName\":\"search_term_string\"}}],\"inLanguage\":\"es\"}]}<\/script>\n<!-- \/ Yoast SEO plugin. -->","yoast_head_json":{"title":"Peter's Photo Channel","robots":{"index":"index","follow":"follow","max-snippet":"max-snippet:-1","max-image-preview":"max-image-preview:large","max-video-preview":"max-video-preview:-1"},"canonical":"https:\/\/petersphotochannel.com\/es\/analog\/fujifilm-gf670\/","og_locale":"es_ES","og_type":"article","og_title":"Peter's Photo Channel","og_description":"Sobre este sitio La fotograf\u00eda es mi hobby y disfruto compartirlo en este sitio web. Esta p\u00e1gina, como mi equipo de c\u00e1mara, es financiada por m\u00ed exclusivamente. Por lo tanto, no estoy comprometido con ning\u00fan fabricante y solo escribo aqu\u00ed por mi propia iniciativa. nuevas publicaciones Fotograf\u00eda desacelerada Aquellos que no dependen de un proceso&hellip;","og_url":"https:\/\/petersphotochannel.com\/es\/analog\/fujifilm-gf670\/","og_site_name":"Peter&#039;s Photo Channel","og_image":[{"url":"https:\/\/petersphotochannel.com\/wp-content\/uploads\/2020\/03\/PORTRAIT_PENF-300x203.jpg","type":"","width":"","height":""}],"twitter_card":"summary_large_image","twitter_misc":{"Tiempo de lectura":"1 minuto"},"schema":{"@context":"https:\/\/schema.org","@graph":[{"@type":"WebPage","@id":"https:\/\/petersphotochannel.com\/es\/analog\/fujifilm-gf670\/","url":"https:\/\/petersphotochannel.com\/es\/analog\/fujifilm-gf670\/","name":"Peter's Photo Channel","isPartOf":{"@id":"https:\/\/petersphotochannel.com\/es\/#website"},"primaryImageOfPage":{"@id":"https:\/\/petersphotochannel.com\/es\/analog\/fujifilm-gf670\/#primaryimage"},"image":{"@id":"https:\/\/petersphotochannel.com\/es\/analog\/fujifilm-gf670\/#primaryimage"},"thumbnailUrl":"https:\/\/petersphotochannel.com\/wp-content\/uploads\/2020\/03\/PORTRAIT_PENF-300x203.jpg","datePublished":"2020-05-13T13:38:00+00:00","breadcrumb":{"@id":"https:\/\/petersphotochannel.com\/es\/analog\/fujifilm-gf670\/#breadcrumb"},"inLanguage":"es","potentialAction":[{"@type":"ReadAction","target":["https:\/\/petersphotochannel.com\/es\/analog\/fujifilm-gf670\/"]}]},{"@type":"ImageObject","inLanguage":"es","@id":"https:\/\/petersphotochannel.com\/es\/analog\/fujifilm-gf670\/#primaryimage","url":"https:\/\/petersphotochannel.com\/wp-content\/uploads\/2020\/03\/PORTRAIT_PENF-300x203.jpg","contentUrl":"https:\/\/petersphotochannel.com\/wp-content\/uploads\/2020\/03\/PORTRAIT_PENF-300x203.jpg"},{"@type":"BreadcrumbList","@id":"https:\/\/petersphotochannel.com\/es\/analog\/fujifilm-gf670\/#breadcrumb","itemListElement":[{"@type":"ListItem","position":1,"name":"Startseite","item":"https:\/\/petersphotochannel.com\/es\/"},{"@type":"ListItem","position":2,"name":"an\u00e1logo","item":"https:\/\/petersphotochannel.com\/es\/analog\/"},{"@type":"ListItem","position":3,"name":"FujiFilm GF670"}]},{"@type":"WebSite","@id":"https:\/\/petersphotochannel.com\/es\/#website","url":"https:\/\/petersphotochannel.com\/es\/","name":"Peter&#039;s Photo Channel","description":"","potentialAction":[{"@type":"SearchAction","target":{"@type":"EntryPoint","urlTemplate":"https:\/\/petersphotochannel.com\/es\/?s={search_term_string}"},"query-input":{"@type":"PropertyValueSpecification","valueRequired":true,"valueName":"search_term_string"}}],"inLanguage":"es"}]}},"_links":{"self":[{"href":"https:\/\/petersphotochannel.com\/es\/wp-json\/wp\/v2\/pages\/6433","targetHints":{"allow":["GET"]}}],"collection":[{"href":"https:\/\/petersphotochannel.com\/es\/wp-json\/wp\/v2\/pages"}],"about":[{"href":"https:\/\/petersphotochannel.com\/es\/wp-json\/wp\/v2\/types\/page"}],"author":[{"embeddable":true,"href":"https:\/\/petersphotochannel.com\/es\/wp-json\/wp\/v2\/users\/3"}],"replies":[{"embeddable":true,"href":"https:\/\/petersphotochannel.com\/es\/wp-json\/wp\/v2\/comments?post=6433"}],"version-history":[{"count":0,"href":"https:\/\/petersphotochannel.com\/es\/wp-json\/wp\/v2\/pages\/6433\/revisions"}],"up":[{"embeddable":true,"href":"https:\/\/petersphotochannel.com\/es\/wp-json\/wp\/v2\/pages\/5705"}],"wp:attachment":[{"href":"https:\/\/petersphotochannel.com\/es\/wp-json\/wp\/v2\/media?parent=6433"}],"curies":[{"name":"wp","href":"https:\/\/api.w.org\/{rel}","templated":true}]}}