{"id":6091,"date":"2020-05-07T11:20:06","date_gmt":"2020-05-07T11:20:06","guid":{"rendered":"https:\/\/petersphotochannel.com\/?page_id=6091"},"modified":"2020-05-07T11:20:06","modified_gmt":"2020-05-07T11:20:06","slug":"nikon-df","status":"publish","type":"page","link":"https:\/\/petersphotochannel.com\/es\/digital\/nikon-df\/","title":{"rendered":"NIKON DF"},"content":{"rendered":"\n\t<p><strong>NIKON D<em>f<\/em><\/strong><\/p>\n\t\t\t\t<img loading=\"lazy\" decoding=\"async\" src=\"https:\/\/petersphotochannel.com\/wp-content\/uploads\/2020\/03\/NIKON_DF_a.jpg\" alt=\"NIKON_DF\" itemprop=\"image\" height=\"690\" width=\"660\" title=\"NIKON_DF\" onerror=\"this.style.display='none'\"  \/>\n\t<h3>C\u00c1MARA RETRO DE NIKON<\/h3>\n<p>En 2013 NIKON lanz\u00f3 esta hermosa c\u00e1mara digital de aspecto retro. Equipada con la tecnolog\u00eda y el sensor de 16,2 MP de la NIKON D4, esta c\u00e1mara estaba pensada para todos aquellos que extra\u00f1aban la posibilidad de ajustar los par\u00e1metros manualmente en las nuevas c\u00e1maras digitales.<\/p>\n<p>Por lo dem\u00e1s, s\u00f3lo tengo c\u00e1maras anal\u00f3gicas NIKON. Me enter\u00e9 de esta c\u00e1mara a trav\u00e9s de un YouTuber, al que me he suscrito: Mattias Burling de Suecia.<\/p>\n<p>\u00c9l testea muy frecuentemente y hace videos cortos y n\u00edtidos, que siempre incluyen fotos de prueba. No hay mucho galimat\u00edas, todo al punto, cada video es un placer.<\/p>\n\t<h3>LA MEJOR CALIDAD DE IMAGEN<\/h3>\n<p>Cuando \u00e9l, que ha probado cientos de c\u00e1maras y lentes incluyendo LEICA, SONY, CANON, PENTAX etc., publica un video en el que quiere anunciar sus c\u00e1maras TOP 5 en cuanto a la calidad de imagen &#8211; sent\u00ed mucha curiosidad por saber cu\u00e1l es su c\u00e1mara n\u00famero 1.<\/p>\n<p><strong>Aqu\u00ed est\u00e1 el video:<\/strong><\/p>\n\t\t\t\t<img loading=\"lazy\" decoding=\"async\" src=\"https:\/\/petersphotochannel.com\/wp-content\/uploads\/2020\/03\/YouTube.jpg\" alt=\"YouTube\" itemprop=\"image\" height=\"236\" width=\"994\" title=\"YouTube\" onerror=\"this.style.display='none'\"  \/>\n\t <div class=\"brlbs-cmpnt-container brlbs-cmpnt-content-blocker brlbs-cmpnt-with-individual-styles\" data-borlabs-cookie-content-blocker-id=\"default\" data-borlabs-cookie-content=\"PGlmcmFtZSB3aWR0aD0iNTYwIiBoZWlnaHQ9IjMxNSIgc3JjPSJodHRwczovL3d3dy55b3V0dWJlLmNvbS9lbWJlZC9sdmlrY3NTWW1COCIgZnJhbWVib3JkZXI9IjAiIGFsbG93PSJhY2NlbGVyb21ldGVyOyBhdXRvcGxheTsgZW5jcnlwdGVkLW1lZGlhOyBneXJvc2NvcGU7IHBpY3R1cmUtaW4tcGljdHVyZSIgYWxsb3dmdWxsc2NyZWVuPjwvaWZyYW1lPg==\"><div class=\"brlbs-cmpnt-cb-preset-a\"> <p class=\"brlbs-cmpnt-cb-description\">Sie sehen gerade einen Platzhalterinhalt von <strong>Standard<\/strong>. Um auf den eigentlichen Inhalt zuzugreifen, klicken Sie auf den Button unten. Bitte beachten Sie, dass dabei Daten an Drittanbieter weitergegeben werden.<\/p> <div class=\"brlbs-cmpnt-cb-buttons\"> <a class=\"brlbs-cmpnt-cb-btn\" href=\"#\" data-borlabs-cookie-unblock role=\"button\">Inhalt entsperren<\/a> <a class=\"brlbs-cmpnt-cb-btn\" href=\"#\" data-borlabs-cookie-accept-service role=\"button\" style=\"display: none\">Erforderlichen Service akzeptieren und Inhalte entsperren<\/a> <\/div> <a class=\"brlbs-cmpnt-cb-provider-toggle\" href=\"#\" data-borlabs-cookie-show-provider-information role=\"button\">Weitere Informationen<\/a> <\/div><\/div>\n\t<h3>VIDEO EXTENSIVO DE NIKON Df<\/h3>\n<p>Luego tambi\u00e9n hizo un video exclusivamente sobre el Df de NIKON:<\/p>\n\t <div class=\"brlbs-cmpnt-container brlbs-cmpnt-content-blocker brlbs-cmpnt-with-individual-styles\" data-borlabs-cookie-content-blocker-id=\"default\" data-borlabs-cookie-content=\"PGlmcmFtZSB3aWR0aD0iNTYwIiBoZWlnaHQ9IjMxNSIgc3JjPSJodHRwczovL3d3dy55b3V0dWJlLmNvbS9lbWJlZC8ySVBBZUphTkpLdyIgZnJhbWVib3JkZXI9IjAiIGFsbG93PSJhY2NlbGVyb21ldGVyOyBhdXRvcGxheTsgZW5jcnlwdGVkLW1lZGlhOyBneXJvc2NvcGU7IHBpY3R1cmUtaW4tcGljdHVyZSIgYWxsb3dmdWxsc2NyZWVuPjwvaWZyYW1lPg==\"><div class=\"brlbs-cmpnt-cb-preset-a\"> <p class=\"brlbs-cmpnt-cb-description\">Sie sehen gerade einen Platzhalterinhalt von <strong>Standard<\/strong>. Um auf den eigentlichen Inhalt zuzugreifen, klicken Sie auf den Button unten. Bitte beachten Sie, dass dabei Daten an Drittanbieter weitergegeben werden.<\/p> <div class=\"brlbs-cmpnt-cb-buttons\"> <a class=\"brlbs-cmpnt-cb-btn\" href=\"#\" data-borlabs-cookie-unblock role=\"button\">Inhalt entsperren<\/a> <a class=\"brlbs-cmpnt-cb-btn\" href=\"#\" data-borlabs-cookie-accept-service role=\"button\" style=\"display: none\">Erforderlichen Service akzeptieren und Inhalte entsperren<\/a> <\/div> <a class=\"brlbs-cmpnt-cb-provider-toggle\" href=\"#\" data-borlabs-cookie-show-provider-information role=\"button\">Weitere Informationen<\/a> <\/div><\/div>\n\t<h3>SUERTE . . .<\/h3>\n<p>En busca de una c\u00e1mara en las mejores condiciones posibles, encontr\u00e9 un distribuidor en eBay en la primavera de 2020 que acababa de recibir toda una gama de c\u00e1maras de exposici\u00f3n de NIKON, en estado nuevo, con embalaje original y con todos los accesorios, revisada previamente en la f\u00e1brica de NIKON, con una garant\u00eda de f\u00e1brica de dos a\u00f1os y todo ello a un precio por el que se ofrec\u00edan al mismo tiempo en eBay c\u00e1maras con signos visibles de uso. \u00a1Qu\u00e9 suerte!<\/p>\n<p>Aqu\u00ed est\u00e1 el teleobjetivo NIKKOR 135mm f2 DC sobre la c\u00e1mara, que tiene una caracter\u00edstica \u00fanica que a continuaci\u00f3n se comentar\u00e1 por separado.<\/p>\n<p>Traducci\u00f3n realizada con la versi\u00f3n gratuita del traductor www.DeepL.com\/Translator<\/p>\n\t\t\t\t<img loading=\"lazy\" decoding=\"async\" src=\"https:\/\/petersphotochannel.com\/wp-content\/uploads\/2020\/03\/NIKON_DF_b-1.jpg\" alt=\"NIKON_Df\" itemprop=\"image\" height=\"424\" width=\"660\" title=\"NIKON_Df\" onerror=\"this.style.display='none'\"  \/>\n\t\t\t\t<img loading=\"lazy\" decoding=\"async\" src=\"https:\/\/petersphotochannel.com\/wp-content\/uploads\/2020\/03\/NIKON_Df_black-1.jpg\" alt=\"NIKON_Df_negra\" itemprop=\"image\" height=\"508\" width=\"593\" title=\"NIKON_Df_negra\" onerror=\"this.style.display='none'\"  \/>\n\t<h3>LA Df NEGRA<\/h3>\n<p>La Df tambi\u00e9n est\u00e1 disponible en negro.<\/p>\n<p>Los diales de apertura, velocidad de obturaci\u00f3n e ISO me parecen mejor en el aspecto de aluminio fresado y la versi\u00f3n en color aluminio se ajusta mejor al aspecto retro del Df.<\/p>\n<p>Ken Rockwell, que escribi\u00f3 un muy buen informe sobre el Df, ha confirmado mi opini\u00f3n. <a href=\"https:\/\/www.kenrockwell.com\/nikon\/df.htm\" target=\"_blank\" rel=\"noopener noreferrer\">Aqu\u00ed el enlace<\/a> a su muy buen informe de prueba.<\/p>\n\t<h3>AF-S NIKKOR 50mm f1.8 G (EDICI\u00d3N ESPECIAL)<\/h3>\n<p>Para asegurarse de que los 50mm se adapten perfectamente a la c\u00e1mara Df, NIKON cre\u00f3 una edici\u00f3n especial de esta lente. No en el habitual oro de NIKON, sino con un estampado de plata.<\/p>\n<p>Ken Rockwell tambi\u00e9n ha escrito un <a href=\"https:\/\/www.kenrockwell.com\/nikon\/50mm-f18-se.htm\" target=\"_blank\" rel=\"noopener noreferrer\">informe de prueba sobre esta lente<\/a>, que es muy recomendable para los interesados en esta lente.<\/p>\n\t\t\t\t<img loading=\"lazy\" decoding=\"async\" src=\"https:\/\/petersphotochannel.com\/wp-content\/uploads\/2020\/03\/NIKON50mmf18G-1.jpg\" alt=\"NIKON 50mm f1.8 G\" itemprop=\"image\" height=\"507\" width=\"598\" title=\"NIKON 50mm f1.8 G\" onerror=\"this.style.display='none'\"  \/>\n\t\t\t\t<img loading=\"lazy\" decoding=\"async\" src=\"https:\/\/petersphotochannel.com\/wp-content\/uploads\/2020\/03\/Nikkor_135f2-3.jpg\" alt=\"Nikkor_135mm_f2\" itemprop=\"image\" height=\"574\" width=\"333\" title=\"Nikkor_135mm_f2\" onerror=\"this.style.display='none'\"  \/>\n\t<h3>NIKKOR 135mm f2 DC &#8211; REY DE BOKEH!<\/h3>\n<p>En 1990 NIKON introdujo en el mercado este extraordinario teleobjetivo. La caracter\u00edstica especial: Tiene dos anillos de apertura, uno en la parte inferior y otro arriba, llamado \u00bb DEFOCUS IMAGE CONTROL\u00bb. S\u00f3lo el inferior regula la incidencia de la luz y la profundidad del campo en el rango de enfoque. El anillo de apertura superior es el \u00fanico responsable de la borrosidad, de la bokeh.<\/p>\n<p>Girando el anillo superior hacia la \u00abF\u00bb cambia el bokeh del primer plano (Frente) y hacia la \u00abR\u00bb el bokeh del fondo (Atr\u00e1s).<\/p>\n<p>Cuando el anillo est\u00e1 en la posici\u00f3n cero (como se muestra en la imagen), act\u00faa como un teletipo normal de 135mm.<\/p>\n<p>Esta lente est\u00e1 dise\u00f1ada para resoluciones de hasta 24 MP, con tales sensores es excepcionalmente n\u00edtida. Si tienes una c\u00e1mara NIKON Z7 o planeas comprar una, deber\u00edas reflexionar sobre la compra de este teleobjetivo. Pero para el NIKON Df es la lente de teleobjetivo! Tambi\u00e9n en t\u00e9rminos de dise\u00f1o, por cierto, las nuevas lentes de NIKON tienen letras doradas, que no se ven tan bien con el Df de color aluminio.<\/p>\n<p>Si desea obtener m\u00e1s informaci\u00f3n sobre esta lente, puede encontrarla en la p\u00e1gina web de Ken Rockwell (<a href=\"https:\/\/www.kenrockwell.com\/nikon\/135mm-f2-dc.htm\" target=\"_blank\" rel=\"noopener noreferrer\">informe de la prueba<\/a>).<\/p>\n","protected":false},"excerpt":{"rendered":"<p>NIKON Df C\u00c1MARA RETRO DE NIKON En 2013 NIKON lanz\u00f3 esta hermosa c\u00e1mara digital de aspecto retro. Equipada con la tecnolog\u00eda y el sensor de 16,2 MP de la NIKON D4, esta c\u00e1mara estaba pensada para todos aquellos que extra\u00f1aban la posibilidad de ajustar los par\u00e1metros manualmente en las nuevas c\u00e1maras digitales. Por lo dem\u00e1s,&hellip;<\/p>\n","protected":false},"author":3,"featured_media":0,"parent":5712,"menu_order":11,"comment_status":"closed","ping_status":"closed","template":"","meta":{"_acf_changed":false,"footnotes":""},"class_list":["post-6091","page","type-page","status-publish","hentry"],"acf":[],"yoast_head":"<!-- This site is optimized with the Yoast SEO plugin v27.3 - https:\/\/yoast.com\/product\/yoast-seo-wordpress\/ -->\n<title>Peter&#039;s Photo Channel<\/title>\n<meta name=\"robots\" content=\"index, follow, max-snippet:-1, max-image-preview:large, max-video-preview:-1\" \/>\n<link rel=\"canonical\" href=\"https:\/\/petersphotochannel.com\/es\/digital\/nikon-df\/\" \/>\n<meta property=\"og:locale\" content=\"es_ES\" \/>\n<meta property=\"og:type\" content=\"article\" \/>\n<meta property=\"og:title\" content=\"Peter&#039;s Photo Channel\" \/>\n<meta property=\"og:description\" content=\"NIKON Df C\u00c1MARA RETRO DE NIKON En 2013 NIKON lanz\u00f3 esta hermosa c\u00e1mara digital de aspecto retro. Equipada con la tecnolog\u00eda y el sensor de 16,2 MP de la NIKON D4, esta c\u00e1mara estaba pensada para todos aquellos que extra\u00f1aban la posibilidad de ajustar los par\u00e1metros manualmente en las nuevas c\u00e1maras digitales. Por lo dem\u00e1s,&hellip;\" \/>\n<meta property=\"og:url\" content=\"https:\/\/petersphotochannel.com\/es\/digital\/nikon-df\/\" \/>\n<meta property=\"og:site_name\" content=\"Peter&#039;s Photo Channel\" \/>\n<meta property=\"og:image\" content=\"https:\/\/petersphotochannel.com\/wp-content\/uploads\/2020\/03\/NIKON_DF_a.jpg\" \/>\n<meta name=\"twitter:card\" content=\"summary_large_image\" \/>\n<meta name=\"twitter:label1\" content=\"Tiempo de lectura\" \/>\n\t<meta name=\"twitter:data1\" content=\"3 minutos\" \/>\n<script type=\"application\/ld+json\" class=\"yoast-schema-graph\">{\"@context\":\"https:\\\/\\\/schema.org\",\"@graph\":[{\"@type\":\"WebPage\",\"@id\":\"https:\\\/\\\/petersphotochannel.com\\\/es\\\/digital\\\/nikon-df\\\/\",\"url\":\"https:\\\/\\\/petersphotochannel.com\\\/es\\\/digital\\\/nikon-df\\\/\",\"name\":\"Peter's Photo Channel\",\"isPartOf\":{\"@id\":\"https:\\\/\\\/petersphotochannel.com\\\/es\\\/#website\"},\"primaryImageOfPage\":{\"@id\":\"https:\\\/\\\/petersphotochannel.com\\\/es\\\/digital\\\/nikon-df\\\/#primaryimage\"},\"image\":{\"@id\":\"https:\\\/\\\/petersphotochannel.com\\\/es\\\/digital\\\/nikon-df\\\/#primaryimage\"},\"thumbnailUrl\":\"https:\\\/\\\/petersphotochannel.com\\\/wp-content\\\/uploads\\\/2020\\\/03\\\/NIKON_DF_a.jpg\",\"datePublished\":\"2020-05-07T11:20:06+00:00\",\"breadcrumb\":{\"@id\":\"https:\\\/\\\/petersphotochannel.com\\\/es\\\/digital\\\/nikon-df\\\/#breadcrumb\"},\"inLanguage\":\"es\",\"potentialAction\":[{\"@type\":\"ReadAction\",\"target\":[\"https:\\\/\\\/petersphotochannel.com\\\/es\\\/digital\\\/nikon-df\\\/\"]}]},{\"@type\":\"ImageObject\",\"inLanguage\":\"es\",\"@id\":\"https:\\\/\\\/petersphotochannel.com\\\/es\\\/digital\\\/nikon-df\\\/#primaryimage\",\"url\":\"https:\\\/\\\/petersphotochannel.com\\\/wp-content\\\/uploads\\\/2020\\\/03\\\/NIKON_DF_a.jpg\",\"contentUrl\":\"https:\\\/\\\/petersphotochannel.com\\\/wp-content\\\/uploads\\\/2020\\\/03\\\/NIKON_DF_a.jpg\"},{\"@type\":\"BreadcrumbList\",\"@id\":\"https:\\\/\\\/petersphotochannel.com\\\/es\\\/digital\\\/nikon-df\\\/#breadcrumb\",\"itemListElement\":[{\"@type\":\"ListItem\",\"position\":1,\"name\":\"Startseite\",\"item\":\"https:\\\/\\\/petersphotochannel.com\\\/es\\\/\"},{\"@type\":\"ListItem\",\"position\":2,\"name\":\"digital\",\"item\":\"https:\\\/\\\/petersphotochannel.com\\\/es\\\/digital\\\/\"},{\"@type\":\"ListItem\",\"position\":3,\"name\":\"NIKON DF\"}]},{\"@type\":\"WebSite\",\"@id\":\"https:\\\/\\\/petersphotochannel.com\\\/es\\\/#website\",\"url\":\"https:\\\/\\\/petersphotochannel.com\\\/es\\\/\",\"name\":\"Peter&#039;s Photo Channel\",\"description\":\"\",\"potentialAction\":[{\"@type\":\"SearchAction\",\"target\":{\"@type\":\"EntryPoint\",\"urlTemplate\":\"https:\\\/\\\/petersphotochannel.com\\\/es\\\/?s={search_term_string}\"},\"query-input\":{\"@type\":\"PropertyValueSpecification\",\"valueRequired\":true,\"valueName\":\"search_term_string\"}}],\"inLanguage\":\"es\"}]}<\/script>\n<!-- \/ Yoast SEO plugin. -->","yoast_head_json":{"title":"Peter's Photo Channel","robots":{"index":"index","follow":"follow","max-snippet":"max-snippet:-1","max-image-preview":"max-image-preview:large","max-video-preview":"max-video-preview:-1"},"canonical":"https:\/\/petersphotochannel.com\/es\/digital\/nikon-df\/","og_locale":"es_ES","og_type":"article","og_title":"Peter's Photo Channel","og_description":"NIKON Df C\u00c1MARA RETRO DE NIKON En 2013 NIKON lanz\u00f3 esta hermosa c\u00e1mara digital de aspecto retro. Equipada con la tecnolog\u00eda y el sensor de 16,2 MP de la NIKON D4, esta c\u00e1mara estaba pensada para todos aquellos que extra\u00f1aban la posibilidad de ajustar los par\u00e1metros manualmente en las nuevas c\u00e1maras digitales. Por lo dem\u00e1s,&hellip;","og_url":"https:\/\/petersphotochannel.com\/es\/digital\/nikon-df\/","og_site_name":"Peter&#039;s Photo Channel","og_image":[{"url":"https:\/\/petersphotochannel.com\/wp-content\/uploads\/2020\/03\/NIKON_DF_a.jpg","type":"","width":"","height":""}],"twitter_card":"summary_large_image","twitter_misc":{"Tiempo de lectura":"3 minutos"},"schema":{"@context":"https:\/\/schema.org","@graph":[{"@type":"WebPage","@id":"https:\/\/petersphotochannel.com\/es\/digital\/nikon-df\/","url":"https:\/\/petersphotochannel.com\/es\/digital\/nikon-df\/","name":"Peter's Photo Channel","isPartOf":{"@id":"https:\/\/petersphotochannel.com\/es\/#website"},"primaryImageOfPage":{"@id":"https:\/\/petersphotochannel.com\/es\/digital\/nikon-df\/#primaryimage"},"image":{"@id":"https:\/\/petersphotochannel.com\/es\/digital\/nikon-df\/#primaryimage"},"thumbnailUrl":"https:\/\/petersphotochannel.com\/wp-content\/uploads\/2020\/03\/NIKON_DF_a.jpg","datePublished":"2020-05-07T11:20:06+00:00","breadcrumb":{"@id":"https:\/\/petersphotochannel.com\/es\/digital\/nikon-df\/#breadcrumb"},"inLanguage":"es","potentialAction":[{"@type":"ReadAction","target":["https:\/\/petersphotochannel.com\/es\/digital\/nikon-df\/"]}]},{"@type":"ImageObject","inLanguage":"es","@id":"https:\/\/petersphotochannel.com\/es\/digital\/nikon-df\/#primaryimage","url":"https:\/\/petersphotochannel.com\/wp-content\/uploads\/2020\/03\/NIKON_DF_a.jpg","contentUrl":"https:\/\/petersphotochannel.com\/wp-content\/uploads\/2020\/03\/NIKON_DF_a.jpg"},{"@type":"BreadcrumbList","@id":"https:\/\/petersphotochannel.com\/es\/digital\/nikon-df\/#breadcrumb","itemListElement":[{"@type":"ListItem","position":1,"name":"Startseite","item":"https:\/\/petersphotochannel.com\/es\/"},{"@type":"ListItem","position":2,"name":"digital","item":"https:\/\/petersphotochannel.com\/es\/digital\/"},{"@type":"ListItem","position":3,"name":"NIKON DF"}]},{"@type":"WebSite","@id":"https:\/\/petersphotochannel.com\/es\/#website","url":"https:\/\/petersphotochannel.com\/es\/","name":"Peter&#039;s Photo Channel","description":"","potentialAction":[{"@type":"SearchAction","target":{"@type":"EntryPoint","urlTemplate":"https:\/\/petersphotochannel.com\/es\/?s={search_term_string}"},"query-input":{"@type":"PropertyValueSpecification","valueRequired":true,"valueName":"search_term_string"}}],"inLanguage":"es"}]}},"_links":{"self":[{"href":"https:\/\/petersphotochannel.com\/es\/wp-json\/wp\/v2\/pages\/6091","targetHints":{"allow":["GET"]}}],"collection":[{"href":"https:\/\/petersphotochannel.com\/es\/wp-json\/wp\/v2\/pages"}],"about":[{"href":"https:\/\/petersphotochannel.com\/es\/wp-json\/wp\/v2\/types\/page"}],"author":[{"embeddable":true,"href":"https:\/\/petersphotochannel.com\/es\/wp-json\/wp\/v2\/users\/3"}],"replies":[{"embeddable":true,"href":"https:\/\/petersphotochannel.com\/es\/wp-json\/wp\/v2\/comments?post=6091"}],"version-history":[{"count":0,"href":"https:\/\/petersphotochannel.com\/es\/wp-json\/wp\/v2\/pages\/6091\/revisions"}],"up":[{"embeddable":true,"href":"https:\/\/petersphotochannel.com\/es\/wp-json\/wp\/v2\/pages\/5712"}],"wp:attachment":[{"href":"https:\/\/petersphotochannel.com\/es\/wp-json\/wp\/v2\/media?parent=6091"}],"curies":[{"name":"wp","href":"https:\/\/api.w.org\/{rel}","templated":true}]}}