{"id":6062,"date":"2020-05-14T08:22:12","date_gmt":"2020-05-14T08:22:12","guid":{"rendered":"https:\/\/petersphotochannel.com\/?page_id=6062"},"modified":"2020-12-11T10:12:41","modified_gmt":"2020-12-11T10:12:41","slug":"contax-g2","status":"publish","type":"page","link":"https:\/\/petersphotochannel.com\/es\/analog\/contax-g2\/","title":{"rendered":"CONTAX G2"},"content":{"rendered":"\r\n<p><img loading=\"lazy\" decoding=\"async\" title=\"FUJI_GFX_Noctilux2-1536x1388\" src=\"https:\/\/bayp4gu.myrdbx.io\/wp-content\/uploads\/2020\/03\/FUJI_GFX_Noctilux2-1536x1388-1-300x271.jpg\" alt=\"FUJI_GFX_Noctilux2-1536x1388\" width=\"300\" height=\"271\" \/><\/p>\r\n<h3>NOCTILUX DE CANON? &#8211; CON ADAPTADOR A FUJI GFX O SONY<\/h3>\r\n<p>Esta lente asf\u00e9rica de 50 mm f1.2 <strong>L FD<\/strong> de CANON es <strong>la lente \u00f3pticamente m\u00e1s avanzada<\/strong> de 50 mm con solo enfoque manual en todo momento.<\/p>\r\n<p>Incluso LEICA nunca ha construido asferas y elementos flotantes en sus lentes f1.2 de 50 mm.<\/p>\r\n<p>El rendimiento de esta lente, que solo cuesta el 10% de una lente NOCTILUX de LEICA, es impresionante. Muy impresionante.<\/p>\r\n<p><a role=\"button\" href=\"https:\/\/petersphotochannel.com\/es\/digital\/canon-fd-50mm-1-2-l\/\" target=\"_self\" rel=\"noopener noreferrer\"> Leer m\u00e1s <\/a><\/p>\r\n","protected":false},"excerpt":{"rendered":"<p>NOCTILUX DE CANON? &#8211; CON ADAPTADOR A FUJI GFX O SONY Esta lente asf\u00e9rica de 50 mm f1.2 L FD de CANON es la lente \u00f3pticamente m\u00e1s avanzada de 50 mm con solo enfoque manual en todo momento. Incluso LEICA nunca ha construido asferas y elementos flotantes en sus lentes f1.2 de 50 mm. El&hellip;<\/p>\n","protected":false},"author":3,"featured_media":0,"parent":5705,"menu_order":18,"comment_status":"closed","ping_status":"closed","template":"","meta":{"_acf_changed":false,"footnotes":""},"class_list":["post-6062","page","type-page","status-publish","hentry"],"acf":[],"yoast_head":"<!-- This site is optimized with the Yoast SEO plugin v27.4 - https:\/\/yoast.com\/product\/yoast-seo-wordpress\/ -->\n<title>Peter&#039;s Photo Channel<\/title>\n<meta name=\"robots\" content=\"index, follow, max-snippet:-1, max-image-preview:large, max-video-preview:-1\" \/>\n<link rel=\"canonical\" href=\"https:\/\/petersphotochannel.com\/es\/analog\/contax-g2\/\" \/>\n<meta property=\"og:locale\" content=\"es_ES\" \/>\n<meta property=\"og:type\" content=\"article\" \/>\n<meta property=\"og:title\" content=\"Peter&#039;s Photo Channel\" \/>\n<meta property=\"og:description\" content=\"NOCTILUX DE CANON? &#8211; CON ADAPTADOR A FUJI GFX O SONY Esta lente asf\u00e9rica de 50 mm f1.2 L FD de CANON es la lente \u00f3pticamente m\u00e1s avanzada de 50 mm con solo enfoque manual en todo momento. Incluso LEICA nunca ha construido asferas y elementos flotantes en sus lentes f1.2 de 50 mm. El&hellip;\" \/>\n<meta property=\"og:url\" content=\"https:\/\/petersphotochannel.com\/es\/analog\/contax-g2\/\" \/>\n<meta property=\"og:site_name\" content=\"Peter&#039;s Photo Channel\" \/>\n<meta property=\"article:modified_time\" content=\"2020-12-11T10:12:41+00:00\" \/>\n<meta property=\"og:image\" content=\"https:\/\/bayp4gu.myrdbx.io\/wp-content\/uploads\/2020\/03\/FUJI_GFX_Noctilux2-1536x1388-1-300x271.jpg\" \/>\n<meta name=\"twitter:card\" content=\"summary_large_image\" \/>\n<script type=\"application\/ld+json\" class=\"yoast-schema-graph\">{\"@context\":\"https:\\\/\\\/schema.org\",\"@graph\":[{\"@type\":\"WebPage\",\"@id\":\"https:\\\/\\\/petersphotochannel.com\\\/es\\\/analog\\\/contax-g2\\\/\",\"url\":\"https:\\\/\\\/petersphotochannel.com\\\/es\\\/analog\\\/contax-g2\\\/\",\"name\":\"Peter's Photo Channel\",\"isPartOf\":{\"@id\":\"https:\\\/\\\/petersphotochannel.com\\\/es\\\/#website\"},\"primaryImageOfPage\":{\"@id\":\"https:\\\/\\\/petersphotochannel.com\\\/es\\\/analog\\\/contax-g2\\\/#primaryimage\"},\"image\":{\"@id\":\"https:\\\/\\\/petersphotochannel.com\\\/es\\\/analog\\\/contax-g2\\\/#primaryimage\"},\"thumbnailUrl\":\"https:\\\/\\\/bayp4gu.myrdbx.io\\\/wp-content\\\/uploads\\\/2020\\\/03\\\/FUJI_GFX_Noctilux2-1536x1388-1-300x271.jpg\",\"datePublished\":\"2020-05-14T08:22:12+00:00\",\"dateModified\":\"2020-12-11T10:12:41+00:00\",\"breadcrumb\":{\"@id\":\"https:\\\/\\\/petersphotochannel.com\\\/es\\\/analog\\\/contax-g2\\\/#breadcrumb\"},\"inLanguage\":\"es\",\"potentialAction\":[{\"@type\":\"ReadAction\",\"target\":[\"https:\\\/\\\/petersphotochannel.com\\\/es\\\/analog\\\/contax-g2\\\/\"]}]},{\"@type\":\"ImageObject\",\"inLanguage\":\"es\",\"@id\":\"https:\\\/\\\/petersphotochannel.com\\\/es\\\/analog\\\/contax-g2\\\/#primaryimage\",\"url\":\"https:\\\/\\\/bayp4gu.myrdbx.io\\\/wp-content\\\/uploads\\\/2020\\\/03\\\/FUJI_GFX_Noctilux2-1536x1388-1-300x271.jpg\",\"contentUrl\":\"https:\\\/\\\/bayp4gu.myrdbx.io\\\/wp-content\\\/uploads\\\/2020\\\/03\\\/FUJI_GFX_Noctilux2-1536x1388-1-300x271.jpg\"},{\"@type\":\"BreadcrumbList\",\"@id\":\"https:\\\/\\\/petersphotochannel.com\\\/es\\\/analog\\\/contax-g2\\\/#breadcrumb\",\"itemListElement\":[{\"@type\":\"ListItem\",\"position\":1,\"name\":\"Startseite\",\"item\":\"https:\\\/\\\/petersphotochannel.com\\\/es\\\/\"},{\"@type\":\"ListItem\",\"position\":2,\"name\":\"an\u00e1logo\",\"item\":\"https:\\\/\\\/petersphotochannel.com\\\/es\\\/analog\\\/\"},{\"@type\":\"ListItem\",\"position\":3,\"name\":\"CONTAX G2\"}]},{\"@type\":\"WebSite\",\"@id\":\"https:\\\/\\\/petersphotochannel.com\\\/es\\\/#website\",\"url\":\"https:\\\/\\\/petersphotochannel.com\\\/es\\\/\",\"name\":\"Peter&#039;s Photo Channel\",\"description\":\"\",\"potentialAction\":[{\"@type\":\"SearchAction\",\"target\":{\"@type\":\"EntryPoint\",\"urlTemplate\":\"https:\\\/\\\/petersphotochannel.com\\\/es\\\/?s={search_term_string}\"},\"query-input\":{\"@type\":\"PropertyValueSpecification\",\"valueRequired\":true,\"valueName\":\"search_term_string\"}}],\"inLanguage\":\"es\"}]}<\/script>\n<!-- \/ Yoast SEO plugin. -->","yoast_head_json":{"title":"Peter's Photo Channel","robots":{"index":"index","follow":"follow","max-snippet":"max-snippet:-1","max-image-preview":"max-image-preview:large","max-video-preview":"max-video-preview:-1"},"canonical":"https:\/\/petersphotochannel.com\/es\/analog\/contax-g2\/","og_locale":"es_ES","og_type":"article","og_title":"Peter's Photo Channel","og_description":"NOCTILUX DE CANON? &#8211; CON ADAPTADOR A FUJI GFX O SONY Esta lente asf\u00e9rica de 50 mm f1.2 L FD de CANON es la lente \u00f3pticamente m\u00e1s avanzada de 50 mm con solo enfoque manual en todo momento. Incluso LEICA nunca ha construido asferas y elementos flotantes en sus lentes f1.2 de 50 mm. El&hellip;","og_url":"https:\/\/petersphotochannel.com\/es\/analog\/contax-g2\/","og_site_name":"Peter&#039;s Photo Channel","article_modified_time":"2020-12-11T10:12:41+00:00","og_image":[{"url":"https:\/\/bayp4gu.myrdbx.io\/wp-content\/uploads\/2020\/03\/FUJI_GFX_Noctilux2-1536x1388-1-300x271.jpg","type":"","width":"","height":""}],"twitter_card":"summary_large_image","schema":{"@context":"https:\/\/schema.org","@graph":[{"@type":"WebPage","@id":"https:\/\/petersphotochannel.com\/es\/analog\/contax-g2\/","url":"https:\/\/petersphotochannel.com\/es\/analog\/contax-g2\/","name":"Peter's Photo Channel","isPartOf":{"@id":"https:\/\/petersphotochannel.com\/es\/#website"},"primaryImageOfPage":{"@id":"https:\/\/petersphotochannel.com\/es\/analog\/contax-g2\/#primaryimage"},"image":{"@id":"https:\/\/petersphotochannel.com\/es\/analog\/contax-g2\/#primaryimage"},"thumbnailUrl":"https:\/\/bayp4gu.myrdbx.io\/wp-content\/uploads\/2020\/03\/FUJI_GFX_Noctilux2-1536x1388-1-300x271.jpg","datePublished":"2020-05-14T08:22:12+00:00","dateModified":"2020-12-11T10:12:41+00:00","breadcrumb":{"@id":"https:\/\/petersphotochannel.com\/es\/analog\/contax-g2\/#breadcrumb"},"inLanguage":"es","potentialAction":[{"@type":"ReadAction","target":["https:\/\/petersphotochannel.com\/es\/analog\/contax-g2\/"]}]},{"@type":"ImageObject","inLanguage":"es","@id":"https:\/\/petersphotochannel.com\/es\/analog\/contax-g2\/#primaryimage","url":"https:\/\/bayp4gu.myrdbx.io\/wp-content\/uploads\/2020\/03\/FUJI_GFX_Noctilux2-1536x1388-1-300x271.jpg","contentUrl":"https:\/\/bayp4gu.myrdbx.io\/wp-content\/uploads\/2020\/03\/FUJI_GFX_Noctilux2-1536x1388-1-300x271.jpg"},{"@type":"BreadcrumbList","@id":"https:\/\/petersphotochannel.com\/es\/analog\/contax-g2\/#breadcrumb","itemListElement":[{"@type":"ListItem","position":1,"name":"Startseite","item":"https:\/\/petersphotochannel.com\/es\/"},{"@type":"ListItem","position":2,"name":"an\u00e1logo","item":"https:\/\/petersphotochannel.com\/es\/analog\/"},{"@type":"ListItem","position":3,"name":"CONTAX G2"}]},{"@type":"WebSite","@id":"https:\/\/petersphotochannel.com\/es\/#website","url":"https:\/\/petersphotochannel.com\/es\/","name":"Peter&#039;s Photo Channel","description":"","potentialAction":[{"@type":"SearchAction","target":{"@type":"EntryPoint","urlTemplate":"https:\/\/petersphotochannel.com\/es\/?s={search_term_string}"},"query-input":{"@type":"PropertyValueSpecification","valueRequired":true,"valueName":"search_term_string"}}],"inLanguage":"es"}]}},"_links":{"self":[{"href":"https:\/\/petersphotochannel.com\/es\/wp-json\/wp\/v2\/pages\/6062","targetHints":{"allow":["GET"]}}],"collection":[{"href":"https:\/\/petersphotochannel.com\/es\/wp-json\/wp\/v2\/pages"}],"about":[{"href":"https:\/\/petersphotochannel.com\/es\/wp-json\/wp\/v2\/types\/page"}],"author":[{"embeddable":true,"href":"https:\/\/petersphotochannel.com\/es\/wp-json\/wp\/v2\/users\/3"}],"replies":[{"embeddable":true,"href":"https:\/\/petersphotochannel.com\/es\/wp-json\/wp\/v2\/comments?post=6062"}],"version-history":[{"count":0,"href":"https:\/\/petersphotochannel.com\/es\/wp-json\/wp\/v2\/pages\/6062\/revisions"}],"up":[{"embeddable":true,"href":"https:\/\/petersphotochannel.com\/es\/wp-json\/wp\/v2\/pages\/5705"}],"wp:attachment":[{"href":"https:\/\/petersphotochannel.com\/es\/wp-json\/wp\/v2\/media?parent=6062"}],"curies":[{"name":"wp","href":"https:\/\/api.w.org\/{rel}","templated":true}]}}